{"id":45,"date":"2019-08-20T22:38:38","date_gmt":"2019-08-20T20:38:38","guid":{"rendered":"http:\/\/zopgorzow.pl\/?page_id=45"},"modified":"2019-08-21T21:33:36","modified_gmt":"2019-08-21T19:33:36","slug":"oferty-pracy","status":"publish","type":"page","link":"http:\/\/zopgorzow.pl\/?page_id=45","title":{"rendered":"Oferty Pracy"},"content":{"rendered":"<h5><strong><a href=\"http:\/\/zopgorzow.pl\/wp-content\/uploads\/2019\/08\/ANIMATOR-DS.-DZIA\u0141A\u0143-SRODOWISKOWYCH.pdf\">ANIMATOR DS. DZIA\u0141A\u0143 \u015aRODOWISKOWYCH<\/a><\/strong><\/h5>\n<p>&nbsp;<\/p>\n<h5><strong><a href=\"http:\/\/zopgorzow.pl\/wp-content\/uploads\/2019\/08\/DORADCA-ZAWODOWY.pdf\">DORADCA ZAWODOWY<\/a>\u00a0<\/strong><\/h5>\n<p>&nbsp;<\/p>\n<h5><a href=\"http:\/\/zopgorzow.pl\/wp-content\/uploads\/2019\/08\/FIZJOTERAPEUTA.pdf\"><strong>FIZJOTERAPEUTA<\/strong><\/a><\/h5>\n<p>&nbsp;<\/p>\n<h5><a href=\"http:\/\/zopgorzow.pl\/wp-content\/uploads\/2019\/08\/TRENER-KOMPETENCJI-SPO\u0141ECZNYCH.pdf\"><strong>TRENER KOMPETENCJI SPO\u0141ECZNYCH<\/strong><\/a><\/h5>\n<p>&nbsp;<\/p>\n<p><img loading=\"lazy\" decoding=\"async\" class=\"alignnone  wp-image-61\" src=\"http:\/\/zopgorzow.pl\/wp-content\/uploads\/2019\/08\/tablica-ddp_ver13_2-300x32.jpg\" alt=\"\" width=\"675\" height=\"72\" srcset=\"http:\/\/zopgorzow.pl\/wp-content\/uploads\/2019\/08\/tablica-ddp_ver13_2-300x32.jpg 300w, http:\/\/zopgorzow.pl\/wp-content\/uploads\/2019\/08\/tablica-ddp_ver13_2-768x82.jpg 768w, http:\/\/zopgorzow.pl\/wp-content\/uploads\/2019\/08\/tablica-ddp_ver13_2-1024x110.jpg 1024w, http:\/\/zopgorzow.pl\/wp-content\/uploads\/2019\/08\/tablica-ddp_ver13_2-960x103.jpg 960w, http:\/\/zopgorzow.pl\/wp-content\/uploads\/2019\/08\/tablica-ddp_ver13_2.jpg 1636w\" sizes=\"(max-width: 675px) 100vw, 675px\" \/><\/p>\n","protected":false},"excerpt":{"rendered":"<p>ANIMATOR DS. DZIA\u0141A\u0143 \u015aRODOWISKOWYCH &nbsp; DORADCA ZAWODOWY\u00a0 &nbsp; FIZJOTERAPEUTA &nbsp; TRENER KOMPETENCJI SPO\u0141ECZNYCH &nbsp;<\/p>\n","protected":false},"author":1,"featured_media":0,"parent":0,"menu_order":0,"comment_status":"closed","ping_status":"closed","template":"","meta":{"footnotes":""},"_links":{"self":[{"href":"http:\/\/zopgorzow.pl\/index.php?rest_route=\/wp\/v2\/pages\/45"}],"collection":[{"href":"http:\/\/zopgorzow.pl\/index.php?rest_route=\/wp\/v2\/pages"}],"about":[{"href":"http:\/\/zopgorzow.pl\/index.php?rest_route=\/wp\/v2\/types\/page"}],"author":[{"embeddable":true,"href":"http:\/\/zopgorzow.pl\/index.php?rest_route=\/wp\/v2\/users\/1"}],"replies":[{"embeddable":true,"href":"http:\/\/zopgorzow.pl\/index.php?rest_route=%2Fwp%2Fv2%2Fcomments&post=45"}],"version-history":[{"count":6,"href":"http:\/\/zopgorzow.pl\/index.php?rest_route=\/wp\/v2\/pages\/45\/revisions"}],"predecessor-version":[{"id":65,"href":"http:\/\/zopgorzow.pl\/index.php?rest_route=\/wp\/v2\/pages\/45\/revisions\/65"}],"wp:attachment":[{"href":"http:\/\/zopgorzow.pl\/index.php?rest_route=%2Fwp%2Fv2%2Fmedia&parent=45"}],"curies":[{"name":"wp","href":"https:\/\/api.w.org\/{rel}","templated":true}]}}